{"id":2991,"date":"2024-08-16T19:51:48","date_gmt":"2024-08-16T19:51:48","guid":{"rendered":"https:\/\/ccifa.com.uy\/cowork\/?page_id=2991"},"modified":"2024-10-01T21:47:15","modified_gmt":"2024-10-01T21:47:15","slug":"contacto","status":"publish","type":"page","link":"https:\/\/ccifa.com.uy\/cowork\/contacto\/","title":{"rendered":"Contacto"},"content":{"rendered":"<p><section id=\"bt_bb_section69d43f3bdc447\"  class=\"bt_bb_section bt_bb_layout_wide bt_bb_vertical_align_top bt_bb_top_spacing_large\"  data-bt-override-class=\"null\"><div class=\"bt_bb_port\"><div class=\"bt_bb_cell\"><div class=\"bt_bb_cell_inner\"><div class=\"bt_bb_row bt_bb_row_width_boxed_1200 bt_bb_row_width_boxed \"  data-bt-override-class=\"{}\"><div class=\"bt_bb_row_holder\" ><div  class=\"bt_bb_column col-xxl-12 col-xl-12 bt_bb_vertical_align_top bt_bb_align_center bt_bb_padding_normal bt_bb_animation_fade_in animate\" style=\"; --column-width:12;\" data-width=\"12\" data-bt-override-class=\"{}\"><div class=\"bt_bb_column_content\"><div class=\"bt_bb_column_content_inner\"><header data-bb-version=\"5.0.3\" class=\"bt_bb_headline bt_bb_dash_none bt_bb_size_normal bt_bb_superheadline bt_bb_align_inherit\" data-bt-override-class=\"{&quot;bt_bb_size_&quot;:{&quot;current_class&quot;:&quot;bt_bb_size_normal&quot;,&quot;def&quot;:&quot;normal&quot;},&quot;bt_bb_align_&quot;:{&quot;current_class&quot;:&quot;bt_bb_align_inherit&quot;,&quot;def&quot;:&quot;inherit&quot;}}\"><h1 class=\"bt_bb_headline_tag\"><span class=\"bt_bb_headline_superheadline\"><span>ACLARAMOS TUS CONSULTAS<\/span><\/span><span class=\"bt_bb_headline_content\"><span>Ponete en <u>contacto<\/u> con nosotros<\/span><\/span><\/h1><\/header><div class=\"bt_bb_separator bt_bb_border_style_none bt_bb_bottom_spacing_medium\" data-bt-override-class=\"{&quot;bt_bb_bottom_spacing_&quot;:{&quot;current_class&quot;:&quot;bt_bb_bottom_spacing_medium&quot;,&quot;def&quot;:&quot;medium&quot;}}\"><\/div><\/div><\/div><\/div><\/div><\/div><div data-bb-version=\"5.1.3\" class=\"bt_bb_row bt_bb_row_width_boxed_1200 bt_bb_row_width_boxed  bt_bb_column_gap_40\" style=\"; --column-gap:40px;\" data-bt-override-class=\"{}\"><div class=\"bt_bb_row_holder\" ><div  class=\"bt_bb_column col-xxl-6 col-xl-6 col-xs-12 col-sm-6 col-md-6 col-lg-6 bt_bb_vertical_align_top bt_bb_align_left bt_bb_padding_normal\" style=\"; --column-width:6;\" data-width=\"6\" data-bt-override-class=\"{}\"><div class=\"bt_bb_column_content\"><div class=\"bt_bb_column_content_inner\"><div class=\"bt_bb_raw_content\"><iframe src=\"https:\/\/www.google.com\/maps\/embed?pb=!1m16!1m12!1m3!1d1262.641455961021!2d-55.76952237760278!3d-34.76815950935062!2m3!1f0!2f0!3f0!3m2!1i1024!2i768!4f13.1!2m1!1scowork%20ccifa%20atlantida!5e1!3m2!1ses!2suy!4v1727291535959!5m2!1ses!2suy\" width=\"600\" height=\"650\" style=\"border:0;\" allowfullscreen=\"\" loading=\"lazy\" referrerpolicy=\"no-referrer-when-downgrade\"><\/iframe><\/div><\/div><\/div><\/div><div data-bb-version=\"5.1.3\"  class=\"bt_bb_column col-xxl-6 col-xl-6 col-xs-12 col-sm-6 col-md-6 col-lg-6 bt_bb_vertical_align_top bt_bb_align_left bt_bb_padding_normal\" style=\"background-color:rgb(255,255,255);; --column-width:6;\" data-width=\"6\" data-bt-override-class=\"{&quot;bt_bb_align_&quot;:{&quot;current_class&quot;:&quot;bt_bb_align_left&quot;,&quot;def&quot;:&quot;left&quot;},&quot;bt_bb_padding_&quot;:{&quot;current_class&quot;:&quot;bt_bb_padding_normal&quot;,&quot;def&quot;:&quot;normal&quot;}}\"><div class=\"bt_bb_column_content\"><div class=\"bt_bb_column_content_inner\"><div class=\"bt_bb_image bt_bb_shape_square bt_bb_target_self bt_bb_align_inherit bt_bb_hover_style_simple bt_bb_content_display_always bt_bb_content_align_middle\" data-bt-override-class=\"{}\"><span><img loading=\"lazy\" decoding=\"async\" width=\"1280\" height=\"640\" src=\"https:\/\/i0.wp.com\/ccifa.com.uy\/cowork\/wp-content\/uploads\/2020\/07\/maps_image.jpg?resize=1280%2C640&amp;ssl=1\" class=\"attachment-boldthemes_large_rectangle size-boldthemes_large_rectangle\" alt=\"https:\/\/i0.wp.com\/ccifa.com.uy\/cowork\/wp-content\/uploads\/2020\/07\/maps_image.jpg?resize=1280%2C640&amp;ssl=1\" data-full_image_src=\"https:\/\/i0.wp.com\/ccifa.com.uy\/cowork\/wp-content\/uploads\/2020\/07\/maps_image.jpg?fit=1920%2C1200&amp;ssl=1\" title=\"maps_image\" \/><\/span><\/div><div class=\"bt_bb_separator bt_bb_border_style_none bt_bb_bottom_spacing_normal\" data-bt-override-class=\"null\"><\/div><div data-bb-version=\"5.1.3\" class=\"bt_bb_image bt_bb_shape_square bt_bb_target_self bt_bb_align_inherit bt_bb_hover_style_simple bt_bb_content_display_always bt_bb_content_align_middle\" data-bt-override-class=\"{&quot;bt_bb_align_&quot;:{&quot;current_class&quot;:&quot;bt_bb_align_inherit&quot;,&quot;def&quot;:&quot;inherit&quot;},&quot;bt_bb_content_display_&quot;:{&quot;current_class&quot;:&quot;bt_bb_content_display_always&quot;,&quot;def&quot;:&quot;always&quot;}}\"><a href=\"https:\/\/ccifa.com.uy\/cowork\/\"  target=\"_self\" title=\"logo_cowork_200x60px\"><img loading=\"lazy\" decoding=\"async\" width=\"200\" height=\"60\" src=\"https:\/\/i0.wp.com\/ccifa.com.uy\/cowork\/wp-content\/uploads\/2024\/09\/logo_cowork_200x60px.png?fit=200%2C60&amp;ssl=1\" class=\"attachment-medium_large size-medium_large\" alt=\"https:\/\/i0.wp.com\/ccifa.com.uy\/cowork\/wp-content\/uploads\/2024\/09\/logo_cowork_200x60px.png?fit=200%2C60&amp;ssl=1\" data-full_image_src=\"https:\/\/i0.wp.com\/ccifa.com.uy\/cowork\/wp-content\/uploads\/2024\/09\/logo_cowork_200x60px.png?fit=200%2C60&amp;ssl=1\" title=\"logo_cowork_200x60px\" \/><\/a><\/div><div class=\"bt_bb_separator bt_bb_border_style_none bt_bb_bottom_spacing_normal\" data-bt-override-class=\"null\"><\/div><div  class=\"bt_bb_text\" ><\/p>\n<p>\u00bfTen\u00e9s dudas, sugerencias o m\u00e1s informaci\u00f3n sobre nuestros servicios? Dejanos tus datos y nos pondremos en contacto contigo a la brevedad.<\/p>\n<p>\n<\/div><div class=\"bt_bb_separator bt_bb_border_style_none bt_bb_bottom_spacing_normal\" data-bt-override-class=\"null\"><\/div><div data-bb-version=\"5.0.3\" class=\"bt_bb_service bt_bb_color_scheme_1 bt_bb_style_filled bt_bb_size_xsmall bt_bb_shape_circle bt_bb_icon_align_top\" style=\"; --service-primary-color:#ffffff; --service-secondary-color:#000000;\" data-bt-override-class=\"{&quot;bt_bb_size_&quot;:{&quot;current_class&quot;:&quot;bt_bb_size_xsmall&quot;,&quot;def&quot;:&quot;xsmall&quot;}}\"><div class=\"bt_bb_service_inner\"><span  data-ico-dripicons=\"&#xe970;\" class=\"bt_bb_icon_holder\"><\/span><div class=\"bt_bb_service_content\"><div class=\"bt_bb_service_content_supertitle\">ESPACIO COWORK<\/div><div class=\"bt_bb_service_content_title\">Calle 11 y Ruta Interbalnearia Atl\u00e1ntida, Canelones - URUGUAY<\/div><\/div><\/div><\/div><div class=\"bt_bb_separator bt_bb_border_style_solid bt_bb_border_color_gray bt_bb_top_spacing_20 bt_bb_bottom_spacing_20\" style=\"; border-width: 2px\" data-bt-override-class=\"null\"><\/div><div data-bb-version=\"5.0.3\" class=\"bt_bb_service bt_bb_color_scheme_1 bt_bb_style_filled bt_bb_size_xsmall bt_bb_shape_circle bt_bb_icon_align_top\" style=\"; --service-primary-color:#ffffff; --service-secondary-color:#000000;\" data-bt-override-class=\"{&quot;bt_bb_size_&quot;:{&quot;current_class&quot;:&quot;bt_bb_size_xsmall&quot;,&quot;def&quot;:&quot;xsmall&quot;}}\"><div class=\"bt_bb_service_inner\"><a href=\"https:\/\/wa.link\/oh39ni\"  target=\"_self\"  title=\"+598 98 512 513\"  data-ico-dripicons=\"&#xe93a;\" class=\"bt_bb_icon_holder\"><\/a><div class=\"bt_bb_service_content\"><div class=\"bt_bb_service_content_supertitle\">WHATSAPP<\/div><div class=\"bt_bb_service_content_title\"><a href=\"https:\/\/wa.link\/oh39ni\" target=\"_self\">+598 98 512 513<\/a><\/div><\/div><\/div><\/div><div class=\"bt_bb_separator bt_bb_border_style_solid bt_bb_border_color_gray bt_bb_top_spacing_20 bt_bb_bottom_spacing_20\" style=\"; border-width: 2px\" data-bt-override-class=\"null\"><\/div><div data-bb-version=\"5.0.3\" class=\"bt_bb_service bt_bb_color_scheme_1 bt_bb_style_filled bt_bb_size_xsmall bt_bb_shape_circle bt_bb_icon_align_top\" style=\"; --service-primary-color:#ffffff; --service-secondary-color:#000000;\" data-bt-override-class=\"{&quot;bt_bb_size_&quot;:{&quot;current_class&quot;:&quot;bt_bb_size_xsmall&quot;,&quot;def&quot;:&quot;xsmall&quot;}}\"><div class=\"bt_bb_service_inner\"><a href=\"mailto:info@ccifa.com.uy\"  target=\"_self\"  title=\"info@ccifa.com.uy\"  data-ico-dripicons=\"&#xe973;\" class=\"bt_bb_icon_holder\"><\/a><div class=\"bt_bb_service_content\"><div class=\"bt_bb_service_content_supertitle\">E-MAIL<\/div><div class=\"bt_bb_service_content_title\"><a href=\"mailto:info@ccifa.com.uy\" target=\"_self\">info@ccifa.com.uy<\/a><\/div><\/div><\/div><\/div><div data-bb-version=\"5.1.3\" class=\"bt_bb_separator bt_bb_border_style_solid bt_bb_border_color_gray bt_bb_top_spacing_20 bt_bb_bottom_spacing_20\" style=\"; border-width: 2px\" data-bt-override-class=\"{&quot;bt_bb_top_spacing_&quot;:{&quot;current_class&quot;:&quot;bt_bb_top_spacing_20&quot;,&quot;def&quot;:&quot;20&quot;},&quot;bt_bb_bottom_spacing_&quot;:{&quot;current_class&quot;:&quot;bt_bb_bottom_spacing_20&quot;,&quot;def&quot;:&quot;20&quot;}}\"><\/div><\/div><\/div><\/div><\/div><\/div><\/div><\/div><\/div><\/section><section id=\"bt_bb_section69d43f3bdd24c\"  data-background_image_src=\"'https:\/\/i0.wp.com\/ccifa.com.uy\/cowork\/wp-content\/uploads\/2020\/05\/background_dots_02.jpg?fit=1920%2C1100&ssl=1'\" class=\"bt_bb_section bt_bb_layout_wide bt_bb_vertical_align_top btLazyLoadBackground bt_bb_background_image bt_bb_top_spacing_medium bt_bb_bottom_spacing_large\" style=\"background-image:url(&#039;https:\/\/ccifa.com.uy\/cowork\/wp-content\/plugins\/bold-page-builder\/img\/blank.gif&#039;);\" data-bt-override-class=\"null\"><div class=\"bt_bb_port\"><div class=\"bt_bb_cell\"><div class=\"bt_bb_cell_inner\"><div class=\"bt_bb_row \"  data-bt-override-class=\"{}\"><div class=\"bt_bb_row_holder\" ><div  class=\"bt_bb_column col-xxl-12 col-xl-12 bt_bb_vertical_align_top bt_bb_align_left bt_bb_padding_normal\" style=\"; --column-width:12;\" data-width=\"12\" data-bt-override-class=\"{}\"><div class=\"bt_bb_column_content\"><div class=\"bt_bb_column_content_inner\"><div data-bb-version=\"5.1.3\" class=\"bt_bb_separator bt_bb_border_style_none bt_bb_top_spacing_none bt_bb_bottom_spacing_medium bt_bb_hidden_xs bt_bb_hidden_ms bt_bb_hidden_sm\" data-bt-override-class=\"{&quot;bt_bb_top_spacing_&quot;:{&quot;current_class&quot;:&quot;bt_bb_top_spacing_none&quot;,&quot;def&quot;:&quot;none&quot;},&quot;bt_bb_bottom_spacing_&quot;:{&quot;current_class&quot;:&quot;bt_bb_bottom_spacing_medium&quot;,&quot;def&quot;:&quot;medium&quot;}}\"><\/div><\/div><\/div><\/div><\/div><\/div><div class=\"bt_bb_row bt_bb_row_width_boxed_1200 bt_bb_row_width_boxed  bt_bb_column_gap_medium\"  data-bt-override-class=\"{}\"><div class=\"bt_bb_row_holder\" ><div  class=\"bt_bb_column col-xxl-6 col-xl-6 bt_bb_vertical_align_top bt_bb_align_left bt_bb_padding_normal bt_bb_animation_fade_in animate\" style=\"; --column-width:6;\" data-width=\"6\" data-bt-override-class=\"{}\"><div class=\"bt_bb_column_content\"><div class=\"bt_bb_column_content_inner\"><header data-bb-version=\"5.0.3\" class=\"bt_bb_headline bt_bb_dash_none bt_bb_size_normal bt_bb_superheadline bt_bb_align_inherit\" data-bt-override-class=\"{&quot;bt_bb_size_&quot;:{&quot;current_class&quot;:&quot;bt_bb_size_normal&quot;,&quot;def&quot;:&quot;normal&quot;},&quot;bt_bb_align_&quot;:{&quot;current_class&quot;:&quot;bt_bb_align_inherit&quot;,&quot;def&quot;:&quot;inherit&quot;}}\"><h3 class=\"bt_bb_headline_tag\"><span class=\"bt_bb_headline_superheadline\"><span>TE DAMOS LA RESPUESTA<\/span><\/span><span class=\"bt_bb_headline_content\"><span>Contactanos ahora<\/span><\/span><\/h3><\/header><div class=\"bt_bb_separator bt_bb_border_style_none bt_bb_bottom_spacing_medium\" data-bt-override-class=\"null\"><\/div><div class=\" bt_bb_row_inner\"   data-bt-override-class=\"{}\"><div class=\"bt_bb_row_inner_holder\"  ><div  class=\"bt_bb_column_inner col-xxl-6 col-xl-6 bt_bb_vertical_align_top bt_bb_align_left bt_bb_padding_normal\"  data-width=\"6\" data-bt-override-class=\"{}\"><div class=\"bt_bb_column_inner_content\"><div class=\"bt_bb_column_inner_content_inner\"><div data-bb-version=\"5.0.3\" class=\"bt_bb_service bt_bb_color_scheme_1 bt_bb_style_filled bt_bb_size_xsmall bt_bb_shape_circle bt_bb_icon_align_top bt_bb_border_accent\" style=\"; --service-primary-color:#ffffff; --service-secondary-color:#000000;\" data-bt-override-class=\"{&quot;bt_bb_size_&quot;:{&quot;current_class&quot;:&quot;bt_bb_size_xsmall&quot;,&quot;def&quot;:&quot;xsmall&quot;}}\"><div class=\"bt_bb_service_inner\"><span  data-ico-dripicons=\"&#xe98e;\" class=\"bt_bb_icon_holder\"><\/span><div class=\"bt_bb_service_content\"><div class=\"bt_bb_service_content_supertitle\">TEL\u00c9FONO<\/div><div class=\"bt_bb_service_content_title\">+598 437 22375<\/div><\/div><\/div><\/div><div class=\"bt_bb_separator bt_bb_border_style_none bt_bb_bottom_spacing_normal\" data-bt-override-class=\"null\"><\/div><div data-bb-version=\"5.0.3\" class=\"bt_bb_service bt_bb_color_scheme_1 bt_bb_style_filled bt_bb_size_xsmall bt_bb_shape_circle bt_bb_icon_align_top bt_bb_border_accent\" style=\"; --service-primary-color:#ffffff; --service-secondary-color:#000000;\" data-bt-override-class=\"{&quot;bt_bb_size_&quot;:{&quot;current_class&quot;:&quot;bt_bb_size_xsmall&quot;,&quot;def&quot;:&quot;xsmall&quot;}}\"><div class=\"bt_bb_service_inner\"><span  data-ico-dripicons=\"&#xe970;\" class=\"bt_bb_icon_holder\"><\/span><div class=\"bt_bb_service_content\"><div class=\"bt_bb_service_content_supertitle\">COWORK<\/div><div class=\"bt_bb_service_content_title\">Calle 11 y Ruta Interbalnearia Atl\u00e1ntida, Canelones - URUGUAY<\/div><\/div><\/div><\/div><div class=\"bt_bb_separator bt_bb_border_style_none bt_bb_bottom_spacing_normal bt_bb_hidden_md bt_bb_hidden_lg\" data-bt-override-class=\"null\"><\/div><\/div><\/div><\/div><div  class=\"bt_bb_column_inner col-xxl-6 col-xl-6 bt_bb_vertical_align_top bt_bb_align_left bt_bb_padding_normal\"  data-width=\"6\" data-bt-override-class=\"{}\"><div class=\"bt_bb_column_inner_content\"><div class=\"bt_bb_column_inner_content_inner\"><div data-bb-version=\"5.0.3\" class=\"bt_bb_service bt_bb_color_scheme_1 bt_bb_style_filled bt_bb_size_xsmall bt_bb_shape_circle bt_bb_icon_align_top bt_bb_border_accent\" style=\"; --service-primary-color:#ffffff; --service-secondary-color:#000000;\" data-bt-override-class=\"{&quot;bt_bb_size_&quot;:{&quot;current_class&quot;:&quot;bt_bb_size_xsmall&quot;,&quot;def&quot;:&quot;xsmall&quot;}}\"><div class=\"bt_bb_service_inner\"><span  data-ico-dripicons=\"&#xe932;\" class=\"bt_bb_icon_holder\"><\/span><div class=\"bt_bb_service_content\"><div class=\"bt_bb_service_content_supertitle\">LUNES A S\u00c1BADOS<\/div><div class=\"bt_bb_service_content_title\">8AM - 10PM<\/div><\/div><\/div><\/div><div class=\"bt_bb_separator bt_bb_border_style_none bt_bb_bottom_spacing_normal\" data-bt-override-class=\"null\"><\/div><div class=\"bt_bb_separator bt_bb_border_style_none bt_bb_bottom_spacing_medium bt_bb_hidden_md bt_bb_hidden_lg\" data-bt-override-class=\"null\"><\/div><\/div><\/div><\/div><\/div><\/div><\/div><\/div><\/div><div data-bb-version=\"5.1.3\"  class=\"bt_bb_column col-xxl-6 col-xl-6 bt_bb_vertical_align_bottom bt_bb_align_left bt_bb_padding_normal bt_bb_animation_fade_in animate\" style=\"background-color:rgb(255,255,255);; --column-width:6;\" data-width=\"6\" data-bt-override-class=\"{&quot;bt_bb_align_&quot;:{&quot;current_class&quot;:&quot;bt_bb_align_left&quot;,&quot;def&quot;:&quot;left&quot;},&quot;bt_bb_padding_&quot;:{&quot;current_class&quot;:&quot;bt_bb_padding_normal&quot;,&quot;def&quot;:&quot;normal&quot;}}\"><div class=\"bt_bb_column_content\"><div class=\"bt_bb_column_content_inner\"><div class=\"bt_bb_floating_icon bt_bb_floating_icon_horizontal_position_default bt_bb_floating_icon_vertical_position_default bt_bb_floating_icon_animation_delay_default bt_bb_floating_icon_animation_duration_default bt_bb_floating_icon_animation_style_ease_out bt_bb_floating_icon_animation_direction_left_right bt_bb_hidden_xs bt_bb_hidden_ms bt_bb_hidden_sm\" style=\"top: -6em; left: -6em;\" data-speed=\"0.4\" data-direction=\"left_right\" ><div class=\"bt_bb_floating_icon_icon\" data-speed=\"0.4\" data-direction=\"left_right\" ><span  data-ico-details=\"&#xe903;\" class=\"bt_bb_icon_holder\"><\/span><\/div><\/div><div class=\"bt_bb_raw_content\"><form id=\"WebToLeadForm\" action=\"https:\/\/ccifanuevo.soluciones-crm.com\/index.php?entryPoint=WebToPersonCapture\" method=\"POST\" name=\"WebToLeadForm\">\n<p>Nos contactaremos contigo a la brevedad<\/p>\n<div class=\"row\">\n<div class=\"col\"><label>Nombre: <span class=\"required\">*<\/span><\/label><input name=\"last_name\" id=\"last_name\" type=\"text\" required=\"\" \/><\/div>\n<div class=\"col\"><\/div>\n<div class=\"clear\"> <\/div>\n<\/div>\n<div class=\"row\">\n<div class=\"col\"><label>Correo electr\u00f3nico: <\/label><input name=\"email1\" id=\"email1\" type=\"email\" \/><\/div>\n<div class=\"col\"><\/div>\n<div class=\"clear\"> <\/div>\n<\/div>\n<div class=\"row\">\n<div class=\"col\"><label>Asunto: <\/label><span class=\"sugarslot\"><textarea name=\"status_description\" id=\"status_description\"   \/> <\/textarea><\/span><\/div>\n<div class=\"col\"><\/div>\n<div class=\"clear\"> <\/div>\n<\/div>\n<div class=\"row\">\n<div class=\"col\"><label>Descripci\u00f3n: <\/label><span class=\"sugarslot\"><textarea name=\"description\" id=\"description\"   \/> <\/textarea><\/span><\/div>\n<div class=\"col\"><\/div>\n<div class=\"clear\"> <\/div>\n<\/div>\n\n<div class=\"bt_bb_fe_before\"><input class=\"button\" style=\"background-color: #ea545e;\" name=\"Submit\" type=\"submit\" value=\"Enviar\"  \/>\n<div class=\"clear\"> <\/div>\n<\/div>\n<input name=\"campaign_id\" id=\"campaign_id\" type=\"hidden\" value=\"1e6f359e-18c1-a0d3-221d-66b3762c017b\" \/> \n<input name=\"redirect_url\" id=\"redirect_url\" type=\"hidden\" value=\"https:\/\/ccifa.com.uy\/cowork\/contacto\/\" \/> \n<input name=\"assigned_user_id\" id=\"assigned_user_id\" type=\"hidden\" value=\"1\" \/> \n<input name=\"title\" id=\"title\" type=\"hidden\" value=\"cowork\" \/> \n<input name=\"moduleDir\" id=\"moduleDir\" type=\"hidden\" value=\"Leads\" \/>\n<\/form>\n<p>\n <![CDATA[\n    function submit_form() {\n        if (typeof(validateCaptchaAndSubmit) != 'undefined') {\n            validateCaptchaAndSubmit();\n        } else {\n            check_webtolead_fields();\n            \/\/document.WebToLeadForm.submit();\n        }\n    }\n\n    function check_webtolead_fields() {\n        if (document.getElementById('bool_id') != null) {\n            var reqs = document.getElementById('bool_id').value;\n            bools = reqs.substring(0, reqs.lastIndexOf(';'));\n            var bool_fields = new Array();\n            var bool_fields = bools.split(';');\n            nbr_fields = bool_fields.length;\n            for (var i = 0; i < nbr_fields; i++) {\n                if (document.getElementById(bool_fields[i]).value == 'on') {\n                    document.getElementById(bool_fields[i]).value = 1;\n                } else {\n                    document.getElementById(bool_fields[i]).value = 0;\n                }\n            }\n        }\n    }\n\/\/ ]]>\n<\/p><\/div><\/div><\/div><\/div><\/div><\/div><\/div><\/div><\/div><\/section><\/p>\n","protected":false},"excerpt":{"rendered":"","protected":false},"author":1,"featured_media":8,"parent":0,"menu_order":0,"comment_status":"closed","ping_status":"closed","template":"","meta":{"nf_dc_page":"","om_disable_all_campaigns":false,"footnotes":""},"class_list":["post-2991","page","type-page","status-publish","has-post-thumbnail","hentry"],"jetpack_sharing_enabled":true,"_links":{"self":[{"href":"https:\/\/ccifa.com.uy\/cowork\/wp-json\/wp\/v2\/pages\/2991","targetHints":{"allow":["GET"]}}],"collection":[{"href":"https:\/\/ccifa.com.uy\/cowork\/wp-json\/wp\/v2\/pages"}],"about":[{"href":"https:\/\/ccifa.com.uy\/cowork\/wp-json\/wp\/v2\/types\/page"}],"author":[{"embeddable":true,"href":"https:\/\/ccifa.com.uy\/cowork\/wp-json\/wp\/v2\/users\/1"}],"replies":[{"embeddable":true,"href":"https:\/\/ccifa.com.uy\/cowork\/wp-json\/wp\/v2\/comments?post=2991"}],"version-history":[{"count":5,"href":"https:\/\/ccifa.com.uy\/cowork\/wp-json\/wp\/v2\/pages\/2991\/revisions"}],"predecessor-version":[{"id":3140,"href":"https:\/\/ccifa.com.uy\/cowork\/wp-json\/wp\/v2\/pages\/2991\/revisions\/3140"}],"wp:featuredmedia":[{"embeddable":true,"href":"https:\/\/ccifa.com.uy\/cowork\/wp-json\/"}],"wp:attachment":[{"href":"https:\/\/ccifa.com.uy\/cowork\/wp-json\/wp\/v2\/media?parent=2991"}],"curies":[{"name":"wp","href":"https:\/\/api.w.org\/{rel}","templated":true}]}}