{"id":2995,"date":"2024-08-16T20:06:47","date_gmt":"2024-08-16T20:06:47","guid":{"rendered":"https:\/\/ccifa.com.uy\/cowork\/?page_id=2995"},"modified":"2024-09-25T16:23:57","modified_gmt":"2024-09-25T16:23:57","slug":"amenities","status":"publish","type":"page","link":"https:\/\/ccifa.com.uy\/cowork\/amenities\/","title":{"rendered":"Amenities"},"content":{"rendered":"<p><section data-bb-version=\"5.0.3\" id=\"bt_bb_section69d43f0a6a334\" data-parallax=\"0.6\" data-parallax-offset=\"0\" class=\"bt_bb_section bt_bb_layout_wide bt_bb_vertical_align_top bt_bb_background_image bt_bb_parallax bt_bb_top_spacing_large bt_bb_bottom_spacing_large\" style=\"background-image:url(&#039;https:\/\/i0.wp.com\/ccifa.com.uy\/cowork\/wp-content\/uploads\/2018\/09\/post_01.jpg?fit=1920%2C1200&amp;ssl=1&#039;);\" data-bt-override-class=\"{&quot;bt_bb_top_spacing_&quot;:{&quot;current_class&quot;:&quot;bt_bb_top_spacing_large&quot;,&quot;def&quot;:&quot;large&quot;},&quot;bt_bb_bottom_spacing_&quot;:{&quot;current_class&quot;:&quot;bt_bb_bottom_spacing_large&quot;,&quot;def&quot;:&quot;large&quot;}}\"><div class=\"bt_bb_port\"><div class=\"bt_bb_cell\"><div class=\"bt_bb_cell_inner\"><div class=\"bt_bb_row bt_bb_row_width_boxed_1200 bt_bb_row_width_boxed \"  data-bt-override-class=\"{}\"><div class=\"bt_bb_row_holder\" ><div  class=\"bt_bb_column col-xxl-6 col-xl-6 bt_bb_color_scheme_2 bt_bb_vertical_align_middle bt_bb_align_left bt_bb_padding_60 bt_bb_animation_fade_in move_right animate bt_bb_border_accent\" style=\"; --column-primary-color:#000000; --column-secondary-color:#ffffff;; --column-width:6;\" data-width=\"6\" data-bt-override-class=\"{}\"><div class=\"bt_bb_column_content\"><div class=\"bt_bb_column_content_inner\"><div class=\"bt_bb_separator bt_bb_border_style_none bt_bb_bottom_spacing_medium\" data-bt-override-class=\"null\"><\/div><header data-bb-version=\"5.0.3\" class=\"bt_bb_headline bt_bb_dash_none bt_bb_size_normal bt_bb_align_inherit\" data-bt-override-class=\"{&quot;bt_bb_size_&quot;:{&quot;current_class&quot;:&quot;bt_bb_size_normal&quot;,&quot;def&quot;:&quot;normal&quot;},&quot;bt_bb_align_&quot;:{&quot;current_class&quot;:&quot;bt_bb_align_inherit&quot;,&quot;def&quot;:&quot;inherit&quot;}}\"><h1 class=\"bt_bb_headline_tag\"><span class=\"bt_bb_headline_content\"><span>Espacios modernos <strong>y flexibles<\/strong><\/span><\/span><\/h1><\/header><div class=\"bt_bb_separator bt_bb_border_style_none bt_bb_bottom_spacing_normal\" data-bt-override-class=\"null\"><\/div><div  class=\"bt_bb_text\" style=\"max-width: 500px;\"><\/p>\n<p>Brindamos soluciones en un espacio de trabajo con beneficios y servicios para hacer m\u00e1s f\u00e1cil y c\u00f3modo el d\u00eda a d\u00eda para ti y tus clientes.<\/p>\n<p>\n<\/div><div class=\"bt_bb_separator bt_bb_border_style_none bt_bb_bottom_spacing_normal\" data-bt-override-class=\"null\"><\/div><div data-bb-version=\"5.0.3\" class=\"bt_bb_button bt_bb_icon_position_left bt_bb_style_outline bt_bb_size_normal bt_bb_width_inline bt_bb_shape_inherit bt_bb_target_self bt_bb_text_transform_inherit bt_bb_align_inherit bt_bb_icon_style_filled btWithIcon\" data-bt-override-class=\"{&quot;bt_bb_size_&quot;:{&quot;current_class&quot;:&quot;bt_bb_size_normal&quot;,&quot;def&quot;:&quot;normal&quot;},&quot;bt_bb_align_&quot;:{&quot;current_class&quot;:&quot;bt_bb_align_inherit&quot;,&quot;def&quot;:&quot;inherit&quot;}}\"><a href=\"https:\/\/ccifa.com.uy\/cowork\/contacto\/\" target=\"_self\" class=\"bt_bb_link\" title=\"Consultanos\"><span class=\"bt_bb_button_text\" >Consultanos<\/span><span  data-ico-dripicons=\"&#xe90c;\" class=\"bt_bb_icon_holder\"><\/span><\/a><\/div><div class=\"bt_bb_separator bt_bb_border_style_none bt_bb_bottom_spacing_medium\" data-bt-override-class=\"null\"><\/div><\/div><\/div><\/div><div  class=\"bt_bb_column col-xxl-6 col-xl-6 bt_bb_vertical_align_top bt_bb_align_left bt_bb_padding_normal\" style=\"; --column-width:6;\" data-width=\"6\" data-bt-override-class=\"{}\"><div class=\"bt_bb_column_content\"><div class=\"bt_bb_column_content_inner\"><\/div><\/div><\/div><\/div><\/div><\/div><\/div><\/div><\/section><section id=\"bt_bb_section69d43f0a6a7a5\"  class=\"bt_bb_section bt_bb_layout_boxed_1200 bt_bb_vertical_align_top bt_bb_top_spacing_large bt_bb_bottom_spacing_medium\"  data-bt-override-class=\"null\"><div class=\"bt_bb_port\"><div class=\"bt_bb_cell\"><div class=\"bt_bb_cell_inner\"><div class=\"bt_bb_row  bt_bb_column_gap_large\"  data-bt-override-class=\"{}\"><div class=\"bt_bb_row_holder\" ><div data-bb-version=\"5.0.3\"  class=\"bt_bb_column col-xxl-12 col-xl-12 col-xs-12 col-sm-12 col-md-12 col-lg-12 bt_bb_vertical_align_top bt_bb_align_left bt_bb_padding_normal\" style=\"; --column-width:12;\" data-width=\"12\" data-bt-override-class=\"{}\"><div class=\"bt_bb_column_content\"><div class=\"bt_bb_column_content_inner\"><header data-bb-version=\"5.0.3\" class=\"bt_bb_headline bt_bb_dash_none bt_bb_size_medium bt_bb_align_center\" data-bt-override-class=\"{&quot;bt_bb_size_&quot;:{&quot;current_class&quot;:&quot;bt_bb_size_medium&quot;,&quot;def&quot;:&quot;medium&quot;},&quot;bt_bb_align_&quot;:{&quot;current_class&quot;:&quot;bt_bb_align_center&quot;,&quot;def&quot;:&quot;center&quot;}}\"><h3 class=\"bt_bb_headline_tag\"><span class=\"bt_bb_headline_content\"><span>Amenities <strong>para un gran equipo<\/strong><\/span><\/span><\/h3><\/header><div data-bb-version=\"5.0.3\" class=\"bt_bb_separator bt_bb_border_style_none bt_bb_top_spacing_none bt_bb_bottom_spacing_small\" data-bt-override-class=\"{&quot;bt_bb_top_spacing_&quot;:{&quot;current_class&quot;:&quot;bt_bb_top_spacing_none&quot;,&quot;def&quot;:&quot;none&quot;},&quot;bt_bb_bottom_spacing_&quot;:{&quot;current_class&quot;:&quot;bt_bb_bottom_spacing_small&quot;,&quot;def&quot;:&quot;small&quot;}}\"><\/div><\/div><\/div><\/div><\/div><\/div><div data-bb-version=\"5.0.3\" class=\"bt_bb_row \"  data-bt-override-class=\"{}\"><div class=\"bt_bb_row_holder\" ><div  class=\"bt_bb_column col-xxl-4 col-xl-4 col-xs-12 col-sm-12 col-md-12 col-lg-4 bt_bb_vertical_align_top bt_bb_align_left bt_bb_padding_normal bt_bb_animation_fade_in animate\" style=\"; --column-width:4;\" data-width=\"4\" data-bt-override-class=\"{}\"><div class=\"bt_bb_column_content\"><div class=\"bt_bb_column_content_inner\"><div data-bb-version=\"5.0.3\" class=\"bt_bb_icon bt_bb_color_scheme_5 bt_bb_style_borderless bt_bb_size_xsmall bt_bb_shape_circle bt_bb_target_self bt_bb_align_inherit bt_bb_position_top\" style=\"; --primary-color:#000000; --secondary-color:#ea545e;\" data-bt-override-class=\"{&quot;bt_bb_size_&quot;:{&quot;current_class&quot;:&quot;bt_bb_size_xsmall&quot;,&quot;def&quot;:&quot;xsmall&quot;},&quot;bt_bb_align_&quot;:{&quot;current_class&quot;:&quot;bt_bb_align_inherit&quot;,&quot;def&quot;:&quot;inherit&quot;}}\"><span  data-ico-dripicons=\"&#xe995;\" class=\"bt_bb_icon_holder\"><span>Acceso seguro<\/span><\/span><\/div><div data-bb-version=\"5.0.3\" class=\"bt_bb_separator bt_bb_border_style_none bt_bb_top_spacing_none bt_bb_bottom_spacing_small\" data-bt-override-class=\"{&quot;bt_bb_top_spacing_&quot;:{&quot;current_class&quot;:&quot;bt_bb_top_spacing_none&quot;,&quot;def&quot;:&quot;none&quot;},&quot;bt_bb_bottom_spacing_&quot;:{&quot;current_class&quot;:&quot;bt_bb_bottom_spacing_small&quot;,&quot;def&quot;:&quot;small&quot;}}\"><\/div><div data-bb-version=\"5.0.3\" class=\"bt_bb_icon bt_bb_color_scheme_5 bt_bb_style_borderless bt_bb_size_xsmall bt_bb_shape_circle bt_bb_target_self bt_bb_align_inherit bt_bb_position_top\" style=\"; --primary-color:#000000; --secondary-color:#ea545e;\" data-bt-override-class=\"{&quot;bt_bb_size_&quot;:{&quot;current_class&quot;:&quot;bt_bb_size_xsmall&quot;,&quot;def&quot;:&quot;xsmall&quot;},&quot;bt_bb_align_&quot;:{&quot;current_class&quot;:&quot;bt_bb_align_inherit&quot;,&quot;def&quot;:&quot;inherit&quot;}}\"><span  data-ico-dripicons=\"&#xe940;\" class=\"bt_bb_icon_holder\"><span>Espacio Coworking<\/span><\/span><\/div><div data-bb-version=\"5.0.3\" class=\"bt_bb_separator bt_bb_border_style_none bt_bb_top_spacing_none bt_bb_bottom_spacing_small\" data-bt-override-class=\"{&quot;bt_bb_top_spacing_&quot;:{&quot;current_class&quot;:&quot;bt_bb_top_spacing_none&quot;,&quot;def&quot;:&quot;none&quot;},&quot;bt_bb_bottom_spacing_&quot;:{&quot;current_class&quot;:&quot;bt_bb_bottom_spacing_small&quot;,&quot;def&quot;:&quot;small&quot;}}\"><\/div><div data-bb-version=\"5.0.3\" class=\"bt_bb_icon bt_bb_color_scheme_5 bt_bb_style_borderless bt_bb_size_xsmall bt_bb_shape_circle bt_bb_target_self bt_bb_align_inherit bt_bb_position_top\" style=\"; --primary-color:#000000; --secondary-color:#ea545e;\" data-bt-override-class=\"{&quot;bt_bb_size_&quot;:{&quot;current_class&quot;:&quot;bt_bb_size_xsmall&quot;,&quot;def&quot;:&quot;xsmall&quot;},&quot;bt_bb_align_&quot;:{&quot;current_class&quot;:&quot;bt_bb_align_inherit&quot;,&quot;def&quot;:&quot;inherit&quot;}}\"><span  data-ico-dripicons=\"&#xe996;\" class=\"bt_bb_icon_holder\"><span>Print Zone<\/span><\/span><\/div><\/div><\/div><\/div><div  class=\"bt_bb_column col-xxl-4 col-xl-4 col-xs-12 col-sm-12 col-md-12 col-lg-4 bt_bb_vertical_align_top bt_bb_align_left bt_bb_padding_normal bt_bb_animation_fade_in animate\" style=\"; --column-width:4;\" data-width=\"4\" data-bt-override-class=\"{}\"><div class=\"bt_bb_column_content\"><div class=\"bt_bb_column_content_inner\"><div data-bb-version=\"5.0.3\" class=\"bt_bb_icon bt_bb_color_scheme_5 bt_bb_style_borderless bt_bb_size_xsmall bt_bb_shape_circle bt_bb_target_self bt_bb_align_inherit bt_bb_position_top\" style=\"; --primary-color:#000000; --secondary-color:#ea545e;\" data-bt-override-class=\"{&quot;bt_bb_size_&quot;:{&quot;current_class&quot;:&quot;bt_bb_size_xsmall&quot;,&quot;def&quot;:&quot;xsmall&quot;},&quot;bt_bb_align_&quot;:{&quot;current_class&quot;:&quot;bt_bb_align_inherit&quot;,&quot;def&quot;:&quot;inherit&quot;}}\"><span  data-ico-dripicons=\"&#xe9b4;\" class=\"bt_bb_icon_holder\"><span>Oficinas privadas<\/span><\/span><\/div><div data-bb-version=\"5.0.3\" class=\"bt_bb_separator bt_bb_border_style_none bt_bb_top_spacing_none bt_bb_bottom_spacing_small\" data-bt-override-class=\"{&quot;bt_bb_top_spacing_&quot;:{&quot;current_class&quot;:&quot;bt_bb_top_spacing_none&quot;,&quot;def&quot;:&quot;none&quot;},&quot;bt_bb_bottom_spacing_&quot;:{&quot;current_class&quot;:&quot;bt_bb_bottom_spacing_small&quot;,&quot;def&quot;:&quot;small&quot;}}\"><\/div><div data-bb-version=\"5.0.3\" class=\"bt_bb_icon bt_bb_color_scheme_5 bt_bb_style_borderless bt_bb_size_xsmall bt_bb_shape_circle bt_bb_target_self bt_bb_align_inherit bt_bb_position_top\" style=\"; --primary-color:#000000; --secondary-color:#ea545e;\" data-bt-override-class=\"{&quot;bt_bb_size_&quot;:{&quot;current_class&quot;:&quot;bt_bb_size_xsmall&quot;,&quot;def&quot;:&quot;xsmall&quot;},&quot;bt_bb_align_&quot;:{&quot;current_class&quot;:&quot;bt_bb_align_inherit&quot;,&quot;def&quot;:&quot;inherit&quot;}}\"><span  data-ico-dripicons=\"&#xe9b5;\" class=\"bt_bb_icon_holder\"><span>Sala de Reuniones<\/span><\/span><\/div><div data-bb-version=\"5.0.3\" class=\"bt_bb_separator bt_bb_border_style_none bt_bb_top_spacing_none bt_bb_bottom_spacing_small\" data-bt-override-class=\"{&quot;bt_bb_top_spacing_&quot;:{&quot;current_class&quot;:&quot;bt_bb_top_spacing_none&quot;,&quot;def&quot;:&quot;none&quot;},&quot;bt_bb_bottom_spacing_&quot;:{&quot;current_class&quot;:&quot;bt_bb_bottom_spacing_small&quot;,&quot;def&quot;:&quot;small&quot;}}\"><\/div><div data-bb-version=\"5.0.3\" class=\"bt_bb_icon bt_bb_color_scheme_5 bt_bb_style_borderless bt_bb_size_xsmall bt_bb_shape_circle bt_bb_target_self bt_bb_align_inherit bt_bb_position_top\" style=\"; --primary-color:#000000; --secondary-color:#ea545e;\" data-bt-override-class=\"{&quot;bt_bb_size_&quot;:{&quot;current_class&quot;:&quot;bt_bb_size_xsmall&quot;,&quot;def&quot;:&quot;xsmall&quot;},&quot;bt_bb_align_&quot;:{&quot;current_class&quot;:&quot;bt_bb_align_inherit&quot;,&quot;def&quot;:&quot;inherit&quot;}}\"><span  data-ico-dripicons=\"&#xe99d;\" class=\"bt_bb_icon_holder\"><span>Aula de Capacitaciones<\/span><\/span><\/div><div data-bb-version=\"5.0.3\" class=\"bt_bb_separator bt_bb_border_style_none bt_bb_top_spacing_none bt_bb_bottom_spacing_small\" data-bt-override-class=\"{&quot;bt_bb_top_spacing_&quot;:{&quot;current_class&quot;:&quot;bt_bb_top_spacing_none&quot;,&quot;def&quot;:&quot;none&quot;},&quot;bt_bb_bottom_spacing_&quot;:{&quot;current_class&quot;:&quot;bt_bb_bottom_spacing_small&quot;,&quot;def&quot;:&quot;small&quot;}}\"><\/div><div data-bb-version=\"5.0.3\" class=\"bt_bb_icon bt_bb_color_scheme_5 bt_bb_style_borderless bt_bb_size_xsmall bt_bb_shape_circle bt_bb_target_self bt_bb_align_inherit bt_bb_position_top\" style=\"; --primary-color:#000000; --secondary-color:#ea545e;\" data-bt-override-class=\"{&quot;bt_bb_size_&quot;:{&quot;current_class&quot;:&quot;bt_bb_size_xsmall&quot;,&quot;def&quot;:&quot;xsmall&quot;},&quot;bt_bb_align_&quot;:{&quot;current_class&quot;:&quot;bt_bb_align_inherit&quot;,&quot;def&quot;:&quot;inherit&quot;}}\"><span  data-ico-fontawesome=\"&#xf0f4;\" class=\"bt_bb_icon_holder\"><span>Caf\u00e9, Agua o T\u00e9<\/span><\/span><\/div><\/div><\/div><\/div><div data-bb-version=\"5.0.3\"  class=\"bt_bb_column col-xxl-4 col-xl-4 col-xs-12 col-sm-12 col-md-12 col-lg-4 bt_bb_vertical_align_top bt_bb_align_left bt_bb_padding_normal\" style=\"; --column-width:4;\" data-width=\"4\" data-bt-override-class=\"{}\"><div class=\"bt_bb_column_content\"><div class=\"bt_bb_column_content_inner\"><div data-bb-version=\"5.0.3\" class=\"bt_bb_icon bt_bb_color_scheme_5 bt_bb_style_borderless bt_bb_size_xsmall bt_bb_shape_circle bt_bb_target_self bt_bb_align_inherit bt_bb_position_top\" style=\"; --primary-color:#000000; --secondary-color:#ea545e;\" data-bt-override-class=\"{&quot;bt_bb_size_&quot;:{&quot;current_class&quot;:&quot;bt_bb_size_xsmall&quot;,&quot;def&quot;:&quot;xsmall&quot;},&quot;bt_bb_align_&quot;:{&quot;current_class&quot;:&quot;bt_bb_align_inherit&quot;,&quot;def&quot;:&quot;inherit&quot;}}\"><span  data-ico-dripicons=\"&#xe9c4;\" class=\"bt_bb_icon_holder\"><span>Wifi<\/span><\/span><\/div><div data-bb-version=\"5.0.3\" class=\"bt_bb_separator bt_bb_border_style_none bt_bb_top_spacing_none bt_bb_bottom_spacing_small\" data-bt-override-class=\"{&quot;bt_bb_top_spacing_&quot;:{&quot;current_class&quot;:&quot;bt_bb_top_spacing_none&quot;,&quot;def&quot;:&quot;none&quot;},&quot;bt_bb_bottom_spacing_&quot;:{&quot;current_class&quot;:&quot;bt_bb_bottom_spacing_small&quot;,&quot;def&quot;:&quot;small&quot;}}\"><\/div><div data-bb-version=\"5.0.3\" class=\"bt_bb_icon bt_bb_color_scheme_5 bt_bb_style_borderless bt_bb_size_xsmall bt_bb_shape_circle bt_bb_target_self bt_bb_align_inherit bt_bb_position_top\" style=\"; --primary-color:#000000; --secondary-color:#ea545e;\" data-bt-override-class=\"{&quot;bt_bb_size_&quot;:{&quot;current_class&quot;:&quot;bt_bb_size_xsmall&quot;,&quot;def&quot;:&quot;xsmall&quot;},&quot;bt_bb_align_&quot;:{&quot;current_class&quot;:&quot;bt_bb_align_inherit&quot;,&quot;def&quot;:&quot;inherit&quot;}}\"><span  data-ico-dripicons=\"&#xe921;\" class=\"bt_bb_icon_holder\"><span>Ambiente Climatizado<\/span><\/span><\/div><div data-bb-version=\"5.0.3\" class=\"bt_bb_separator bt_bb_border_style_none bt_bb_top_spacing_none bt_bb_bottom_spacing_small\" data-bt-override-class=\"{&quot;bt_bb_top_spacing_&quot;:{&quot;current_class&quot;:&quot;bt_bb_top_spacing_none&quot;,&quot;def&quot;:&quot;none&quot;},&quot;bt_bb_bottom_spacing_&quot;:{&quot;current_class&quot;:&quot;bt_bb_bottom_spacing_small&quot;,&quot;def&quot;:&quot;small&quot;}}\"><\/div><div data-bb-version=\"5.0.3\" class=\"bt_bb_icon bt_bb_color_scheme_5 bt_bb_style_borderless bt_bb_size_xsmall bt_bb_shape_circle bt_bb_target_self bt_bb_align_inherit bt_bb_position_top\" style=\"; --primary-color:#000000; --secondary-color:#ea545e;\" data-bt-override-class=\"{&quot;bt_bb_size_&quot;:{&quot;current_class&quot;:&quot;bt_bb_size_xsmall&quot;,&quot;def&quot;:&quot;xsmall&quot;},&quot;bt_bb_align_&quot;:{&quot;current_class&quot;:&quot;bt_bb_align_inherit&quot;,&quot;def&quot;:&quot;inherit&quot;}}\"><span  data-ico-dripicons=\"&#xe956;\" class=\"bt_bb_icon_holder\"><span>Parking<\/span><\/span><\/div><\/div><\/div><\/div><\/div><\/div><\/div><\/div><\/div><\/section><section id=\"bt_bb_section69d43f0a6adbe\"  class=\"bt_bb_section bt_bb_layout_wide bt_bb_vertical_align_top\"  data-bt-override-class=\"null\"><div class=\"bt_bb_port\"><div class=\"bt_bb_cell\"><div class=\"bt_bb_cell_inner\"><div class=\"bt_bb_row bt_bb_row_push_right bt_bb_row_width_boxed_1200 bt_bb_row_width_boxed  bt_bb_color_scheme_1 bt_bb_border_accent\" style=\" background-color: rgba(15, 15, 15, 1);; --row-primary-color:#ffffff; --row-secondary-color:#000000;\" data-bt-override-class=\"{}\"><div class=\"bt_bb_row_holder\" ><div  class=\"bt_bb_column col-xxl-2 col-xl-2 bt_bb_vertical_align_middle bt_bb_align_center bt_bb_padding_normal bt_bb_animation_fade_in animate\" style=\"; --column-width:2;\" data-width=\"2\" data-bt-override-class=\"{}\"><div class=\"bt_bb_column_content\"><div class=\"bt_bb_column_content_inner\"><div class=\"bt_bb_floating_icon bt_bb_floating_icon_horizontal_position_right bt_bb_floating_icon_vertical_position_default bt_bb_floating_icon_animation_delay_default bt_bb_floating_icon_animation_duration_4000 bt_bb_floating_icon_animation_style_ease_out bt_bb_floating_icon_animation_direction_rotate bt_bb_hidden_xs bt_bb_hidden_ms bt_bb_hidden_sm\" style=\"position: relative; margin-right: -2.5em;\" data-speed=\"0.4\" data-direction=\"rotate\" ><div class=\"bt_bb_floating_icon_icon\" data-speed=\"0.4\" data-direction=\"rotate\" ><span  data-ico-details=\"&#xe930;\" class=\"bt_bb_icon_holder\"><\/span><\/div><\/div><\/div><\/div><\/div><div  class=\"bt_bb_column col-xxl-7 col-xl-7 bt_bb_vertical_align_middle bt_bb_align_left bt_bb_padding_45 bt_bb_animation_fade_in animate\" style=\"; --column-width:7;\" data-width=\"7\" data-bt-override-class=\"{}\"><div class=\"bt_bb_column_content\"><div class=\"bt_bb_column_content_inner\"><div class=\"bt_bb_separator bt_bb_border_style_none bt_bb_bottom_spacing_medium\" data-bt-override-class=\"null\"><\/div><header class=\"bt_bb_headline bt_bb_dash_none bt_bb_size_medium bt_bb_align_inherit\" data-bt-override-class=\"{}\"><h3 class=\"bt_bb_headline_tag\"><span class=\"bt_bb_headline_content\"><span>En este espacio de trabajo es d\u00f3nde tus proyectos empiezan<\/span><\/span><\/h3><\/header><div class=\"bt_bb_separator bt_bb_border_style_none bt_bb_bottom_spacing_medium\" data-bt-override-class=\"null\"><\/div><\/div><\/div><\/div><div  class=\"bt_bb_column col-xxl-3 col-xl-3 bt_bb_vertical_align_middle bt_bb_align_left bt_bb_padding_normal bt_bb_animation_fade_in animate\" style=\"; --column-width:3;\" data-width=\"3\" data-bt-override-class=\"{}\"><div class=\"bt_bb_column_content\"><div class=\"bt_bb_column_content_inner\"><div class=\"bt_bb_separator bt_bb_border_style_none bt_bb_bottom_spacing_medium bt_bb_hidden_xs bt_bb_hidden_ms bt_bb_hidden_sm\" data-bt-override-class=\"null\"><\/div><div class=\"bt_bb_button bt_bb_color_scheme_1 bt_bb_icon_position_left bt_bb_style_outline bt_bb_size_normal bt_bb_width_inline bt_bb_shape_inherit bt_bb_target_blank bt_bb_align_inherit bt_bb_icon_style_filled btWithIcon\" style=\"; --primary-color:#ffffff; --secondary-color:#000000;\" data-bt-override-class=\"{}\"><a href=\"https:\/\/wa.link\/oh39ni\" target=\"_blank\" class=\"bt_bb_link\" title=\"Reserv\u00e1 Aqu\u00ed\"><span class=\"bt_bb_button_text\" >Reserv\u00e1 Aqu\u00ed<\/span><span  data-ico-dripicons=\"&#xe90c;\" class=\"bt_bb_icon_holder\"><\/span><\/a><\/div><div class=\"bt_bb_separator bt_bb_border_style_none bt_bb_bottom_spacing_medium\" data-bt-override-class=\"null\"><\/div><\/div><\/div><\/div><\/div><\/div><\/div><\/div><\/div><\/section><section id=\"bt_bb_section69d43f0a6b3b8\" data-parallax=\"0.7\" data-parallax-offset=\"0\" data-background_image_src=\"'https:\/\/i0.wp.com\/ccifa.com.uy\/cowork\/wp-content\/uploads\/2020\/05\/background_dots_04.jpg?fit=1920%2C1100&ssl=1'\" class=\"bt_bb_section bt_bb_layout_boxed_1200 bt_bb_vertical_align_top btLazyLoadBackground bt_bb_background_image bt_bb_parallax bt_bb_top_spacing_large bt_bb_bottom_spacing_large\" style=\"background-image:url(&#039;https:\/\/ccifa.com.uy\/cowork\/wp-content\/plugins\/bold-page-builder\/img\/blank.gif&#039;);\" data-bt-override-class=\"null\"><div class=\"bt_bb_port\"><div class=\"bt_bb_cell\"><div class=\"bt_bb_cell_inner\"><div class=\"bt_bb_row \"  data-bt-override-class=\"{}\"><div class=\"bt_bb_row_holder\" ><div  class=\"bt_bb_column col-xxl-6 col-xl-6 bt_bb_vertical_align_top bt_bb_align_left bt_bb_padding_normal bt_bb_animation_fade_in animate\" style=\"; --column-width:6;\" data-width=\"6\" data-bt-override-class=\"{}\"><div class=\"bt_bb_column_content\"><div class=\"bt_bb_column_content_inner\"><header data-bb-version=\"5.0.3\" class=\"bt_bb_headline bt_bb_dash_none bt_bb_size_normal bt_bb_align_inherit\" data-bt-override-class=\"{&quot;bt_bb_size_&quot;:{&quot;current_class&quot;:&quot;bt_bb_size_normal&quot;,&quot;def&quot;:&quot;normal&quot;},&quot;bt_bb_align_&quot;:{&quot;current_class&quot;:&quot;bt_bb_align_inherit&quot;,&quot;def&quot;:&quot;inherit&quot;}}\"><h3 class=\"bt_bb_headline_tag\"><span class=\"bt_bb_headline_content\"><span>Desarrolla tus <s>ideas<\/s><\/span><\/span><\/h3><\/header><div class=\"bt_bb_separator bt_bb_border_style_none bt_bb_bottom_spacing_normal\" data-bt-override-class=\"null\"><\/div><div  class=\"bt_bb_text\" ><\/p>\n<div class=\"elements--list-items__container_module_16824260253667\">\n<div id=\"hs_cos_wrapper_module_16824260253667_\" class=\"hs_cos_wrapper hs_cos_wrapper_widget hs_cos_wrapper_type_inline_rich_text\">\n<p data-pm-slice=\"1 1 &#091;\">Alquiler de oficinas equipadas listas para ingresar, espacios exclusivos de cowork, con acceso a todos los servicios. Sala de reuniones, sala multifunci\u00f3n y mucho m\u00e1s que te har\u00e1n crecer y trabajar en un entorno con muchas posibilidades de construir tu marca o proyecto.<\/p>\n<\/div>\n<\/div>\n<p>\n<\/div><div class=\"bt_bb_separator bt_bb_border_style_none bt_bb_bottom_spacing_medium bt_bb_hidden_md bt_bb_hidden_lg\" data-bt-override-class=\"null\"><\/div><\/div><\/div><\/div><div  class=\"bt_bb_column col-xxl-6 col-xl-6 bt_bb_vertical_align_top bt_bb_align_left bt_bb_padding_normal bt_bb_animation_fade_in animate\" style=\"; --column-width:6;\" data-width=\"6\" data-bt-override-class=\"{}\"><div class=\"bt_bb_column_content\"><div class=\"bt_bb_column_content_inner\"><div class=\"bt_bb_image bt_bb_shape_square bt_bb_target_self bt_bb_align_inherit bt_bb_hover_style_simple bt_bb_content_display_always bt_bb_content_align_middle\" data-bt-override-class=\"{}\"><span><img loading=\"lazy\" decoding=\"async\" width=\"640\" height=\"480\" src=\"https:\/\/i0.wp.com\/ccifa.com.uy\/cowork\/wp-content\/uploads\/2020\/07\/single_service_1.jpg?resize=640%2C480&amp;ssl=1\" class=\"attachment-boldthemes_medium_rectangle size-boldthemes_medium_rectangle\" alt=\"https:\/\/i0.wp.com\/ccifa.com.uy\/cowork\/wp-content\/uploads\/2020\/07\/single_service_1.jpg?resize=640%2C480&amp;ssl=1\" data-full_image_src=\"https:\/\/i0.wp.com\/ccifa.com.uy\/cowork\/wp-content\/uploads\/2020\/07\/single_service_1.jpg?fit=1920%2C1280&amp;ssl=1\" title=\"single_service_1\" srcset=\"https:\/\/i0.wp.com\/ccifa.com.uy\/cowork\/wp-content\/uploads\/2020\/07\/single_service_1.jpg?resize=320%2C240&amp;ssl=1 320w, https:\/\/i0.wp.com\/ccifa.com.uy\/cowork\/wp-content\/uploads\/2020\/07\/single_service_1.jpg?resize=640%2C480&amp;ssl=1 640w, https:\/\/i0.wp.com\/ccifa.com.uy\/cowork\/wp-content\/uploads\/2020\/07\/single_service_1.jpg?zoom=2&amp;resize=640%2C480&amp;ssl=1 1280w, https:\/\/i0.wp.com\/ccifa.com.uy\/cowork\/wp-content\/uploads\/2020\/07\/single_service_1.jpg?zoom=3&amp;resize=640%2C480&amp;ssl=1 1920w\" sizes=\"auto, (max-width: 640px) 100vw, 640px\" \/><\/span><\/div><\/div><\/div><\/div><\/div><\/div><\/div><\/div><\/div><\/section><\/p>\n","protected":false},"excerpt":{"rendered":"","protected":false},"author":1,"featured_media":0,"parent":0,"menu_order":0,"comment_status":"closed","ping_status":"closed","template":"","meta":{"nf_dc_page":"","om_disable_all_campaigns":false,"footnotes":""},"class_list":["post-2995","page","type-page","status-publish","hentry"],"jetpack_sharing_enabled":true,"_links":{"self":[{"href":"https:\/\/ccifa.com.uy\/cowork\/wp-json\/wp\/v2\/pages\/2995","targetHints":{"allow":["GET"]}}],"collection":[{"href":"https:\/\/ccifa.com.uy\/cowork\/wp-json\/wp\/v2\/pages"}],"about":[{"href":"https:\/\/ccifa.com.uy\/cowork\/wp-json\/wp\/v2\/types\/page"}],"author":[{"embeddable":true,"href":"https:\/\/ccifa.com.uy\/cowork\/wp-json\/wp\/v2\/users\/1"}],"replies":[{"embeddable":true,"href":"https:\/\/ccifa.com.uy\/cowork\/wp-json\/wp\/v2\/comments?post=2995"}],"version-history":[{"count":5,"href":"https:\/\/ccifa.com.uy\/cowork\/wp-json\/wp\/v2\/pages\/2995\/revisions"}],"predecessor-version":[{"id":3118,"href":"https:\/\/ccifa.com.uy\/cowork\/wp-json\/wp\/v2\/pages\/2995\/revisions\/3118"}],"wp:attachment":[{"href":"https:\/\/ccifa.com.uy\/cowork\/wp-json\/wp\/v2\/media?parent=2995"}],"curies":[{"name":"wp","href":"https:\/\/api.w.org\/{rel}","templated":true}]}}